{"id":629,"date":"2025-04-14T15:53:04","date_gmt":"2025-04-14T15:53:04","guid":{"rendered":"https:\/\/tuempleoideal.net\/?page_id=629"},"modified":"2025-04-14T16:51:55","modified_gmt":"2025-04-14T16:51:55","slug":"politicas-de-privacidad","status":"publish","type":"page","link":"https:\/\/wtalentclub.com\/index.php\/politicas-de-privacidad\/","title":{"rendered":"Pol\u00edticas de Privacidad"},"content":{"rendered":"\t\t<div data-elementor-type=\"wp-page\" data-elementor-id=\"629\" class=\"elementor elementor-629\" data-elementor-post-type=\"page\">\n\t\t\t\t\t\t<section class=\"elementor-section elementor-top-section elementor-element elementor-element-4a7383dd elementor-section-height-min-height elementor-section-boxed elementor-section-height-default elementor-section-items-middle\" data-id=\"4a7383dd\" data-element_type=\"section\" data-e-type=\"section\" data-settings=\"{&quot;background_background&quot;:&quot;classic&quot;}\">\n\t\t\t\t\t\t\t<div class=\"elementor-background-overlay\"><\/div>\n\t\t\t\t\t\t\t<div class=\"elementor-container elementor-column-gap-no\">\n\t\t\t\t\t<div class=\"elementor-column elementor-col-100 elementor-top-column elementor-element elementor-element-26ab1739\" data-id=\"26ab1739\" data-element_type=\"column\" data-e-type=\"column\">\n\t\t\t<div class=\"elementor-widget-wrap elementor-element-populated\">\n\t\t\t\t\t\t<div class=\"elementor-element elementor-element-2c204810 elementor-widget elementor-widget-heading\" data-id=\"2c204810\" data-element_type=\"widget\" data-e-type=\"widget\" data-widget_type=\"heading.default\">\n\t\t\t\t<div class=\"elementor-widget-container\">\n\t\t\t\t\t<h1 class=\"elementor-heading-title elementor-size-default\">POL\u00cdTICA DE PRIVACIDAD PARA CANDIDATOS O USUARIOS PARTICULARES<\/h1>\t\t\t\t<\/div>\n\t\t\t\t<\/div>\n\t\t\t\t\t<\/div>\n\t\t<\/div>\n\t\t\t\t\t<\/div>\n\t\t<\/section>\n\t\t\t\t<section class=\"elementor-section elementor-top-section elementor-element elementor-element-494c3ce elementor-section-boxed elementor-section-height-default elementor-section-height-default\" data-id=\"494c3ce\" data-element_type=\"section\" data-e-type=\"section\">\n\t\t\t\t\t\t\t<div class=\"elementor-background-overlay\"><\/div>\n\t\t\t\t\t\t\t<div class=\"elementor-container elementor-column-gap-no\">\n\t\t\t\t\t<div class=\"elementor-column elementor-col-100 elementor-top-column elementor-element elementor-element-189af42\" data-id=\"189af42\" data-element_type=\"column\" data-e-type=\"column\">\n\t\t\t<div class=\"elementor-widget-wrap elementor-element-populated\">\n\t\t\t\t\t\t<div class=\"elementor-element elementor-element-7ee98ee elementor-widget__width-initial elementor-widget elementor-widget-text-editor\" data-id=\"7ee98ee\" data-element_type=\"widget\" data-e-type=\"widget\" data-widget_type=\"text-editor.default\">\n\t\t\t\t<div class=\"elementor-widget-container\">\n\t\t\t\t\t\t\t\t\t<p>La presente Pol\u00edtica de Privacidad explica qui\u00e9n es el responsable de los datos de car\u00e1cter personal de aquellos usuarios personas f\u00edsicas (en adelante, \u201cCandidato\u201d, \u201cUsuario Particular\u201d o \u201cDemandante de Trabajo\u201d) que buscan empleo o servicios relacionados y acceden y\/o utilizan los servicios de redes sociales en nombre de TEI y c\u00f3mo se recopilan, comparten y tratan los referidos datos de car\u00e1cter personal (en adelante, los \u201cDatos Personales\u201d o \u201cDatos Personales de los Candidatos\u201d), as\u00ed como los derechos que tienen los Candidatos al respecto y c\u00f3mo pueden ejercitarlos. Para SERVICIOS EN RH TEI es fundamental mantener la privacidad y seguridad de los Datos Personales de los Candidatos.<br \/><br \/><strong>1. RESPONSABLE<\/strong><br \/>\u00bfQui\u00e9n es el Responsable del tratamiento de tus datos?<br \/><strong>Nombre:<\/strong> SERVICIOS EN RH TEI<br \/><strong>Datos registrales:<\/strong> \u00abSRT210405C32\u00bb<br \/><strong>Domicilio:<\/strong> 21 NORTE 1403 COL. SAN MIGUELITO BARRIO CP: 72090 PUEBLA , PUEBLA<\/p><p><br \/><strong>2. DATOS QUE RECOPILAMOS<\/strong><br \/>A fin de crear una cuenta en el portal web como Candidato o utilizar otros de los servicios de nuestros sitios web, como la recepci\u00f3n de alertas o en el caso del Blog, puede ser necesario que nos proporcionarnos los siguientes datos: nombre y apellidos, direcci\u00f3n de correo electr\u00f3nico, as\u00ed como, en su caso, una contrase\u00f1a.<br \/>Tambi\u00e9n, podr\u00e1s incluir en tu perfil tus datos acad\u00e9micos, experiencia laboral y aptitudes, preferencias, intereses, una fotograf\u00eda, tu ciudad o ubicaci\u00f3n. Adem\u00e1s, guardamos determinada informaci\u00f3n asociada con tu uso de nuestro servicio, como los puestos de trabajo a los que has sido seleccionado, la cual no se muestra p\u00fablicamente en tu perfil ni se pone a disposici\u00f3n de las empresas ofertantes o reclutadoras de empleo.<\/p><p><br \/><strong>3. FINALIDADES Y LEGITIMACI\u00d3N<\/strong><br \/>El objetivo de SERVICIOS EN RH TEI mediante los servicios ofrecidos es el facilitar el contacto entre Candidatos o Demandantes de empleo de M\u00e9xico y empleadores o empresas reclutadoras que ofrecen puestos de trabajo en dicho pa\u00eds (Usuarios Profesionales u Ofertantes de empleo), ofreciendo herramientas y servicios que apoyan los procesos de b\u00fasqueda de empleo en M\u00e9xico.<\/p><p>En concreto, los Datos Personales que nos facilitas al registrarte y\/o utilizar nuestro servicio ser\u00e1n destinados para las finalidades primarias y secundarias indicadas a continuaci\u00f3n:<\/p><p><strong>A) Finalidades Primarias:<\/strong><br \/><strong>3.1. <\/strong>Realizar una correcta gesti\u00f3n de nuestros servicios consistentes en:<br \/><strong>1.<\/strong> Posibilitar el contacto con los Ofertantes de empleo (Usuarios Profesionales) mediante la aplicaci\u00f3n a ofertas de empleo publicadas. En este sentido, en funci\u00f3n del nivel de privacidad que hayas elegido, los ofertantes de empleo podr\u00e1n acceder a tus datos de contacto y a tu C.V. aunque no hayas aplicado a ninguna de las vacantes publicadas.<br \/><strong>3.<\/strong> Permitir la b\u00fasqueda de tu perfil como candidato (seg\u00fan el nivel de privacidad que hayas elegido) a trav\u00e9s de la base de datos de Candidatos o Usuarios Particulares registrados en nuestro portal web.<br \/><strong>4.<\/strong> Env\u00edo de comunicaciones comerciales, encuestas, boletines, invitaciones a webinars, para informarte de nuestros productos, servicios y eventos.<br \/><strong>3.2.<\/strong> Prevenci\u00f3n de abusos y fraudes en el uso de nuestros servicios (por ejemplo, actividades fraudulentas, ataques de denegaci\u00f3n de servicios, env\u00edo de spam, entre otros).<br \/><strong>3.3.<\/strong> Transferencia de datos a organismos y autoridades p\u00fablicas, siempre y cuando sean requeridos de conformidad con las disposiciones legales y reglamentarias.<\/p><p><strong>B) Finalidades Secundarias:<\/strong><br \/><strong>3.4.<\/strong> Gestionar la suscripci\u00f3n y moderar, de forma an\u00f3nima, los comentarios facilitados, en su caso, en nuestro Blog de contenidos relacionados con los servicios, actividades y productos de nuestro grupo empresarial.<br \/><strong>3.5.<\/strong> Mostrarte publicidad inteligente. En base a los datos de tu navegaci\u00f3n que recojamos mediante el uso de cookies, te mostraremos publicidad personalizada adaptada a tus gustos y preferencias, siempre que contemos con tu consentimiento para ello. No se tomar\u00e1n decisiones automatizadas en base a dicho perfil que produzcan efectos jur\u00eddicos o significativos para ti.<br \/><strong>3.6.<\/strong> Enviar boletines y promociones con publicidad de otros sitios web de SERVICIOS EN RH TEI y de socios o partners colaboradores.<br \/><strong>3.7.<\/strong> Utilizar tus datos para generar y compartir informaci\u00f3n agregada que no te identifica para fines anal\u00edticos y estad\u00edsticos, que nos da un mejor conocimiento de los usuarios de nuestra web en su conjunto y nos ayuda a ofrecerles un mejor servicio.<\/p><p>La base legal para el tratamiento de tus Datos Personales es la ejecuci\u00f3n de un contrato con SERVICIOS EN RH TEI en relaci\u00f3n con las finalidades indicadas para realizar una correcta gesti\u00f3n y prestaci\u00f3n de nuestros servicios.<br \/>La base legal correspondiente a las finalidades indicadas en los apartados anteriores radica en el consentimiento del usuario.<br \/>Adicionalmente, el tratamiento de tus Datos Personales para la finalidad indicada es necesario para el cumplimiento de obligaciones legales aplicables a SERVICIOS EN RH TEI .<\/p>\t\t\t\t\t\t\t\t<\/div>\n\t\t\t\t<\/div>\n\t\t\t\t\t<\/div>\n\t\t<\/div>\n\t\t\t\t\t<\/div>\n\t\t<\/section>\n\t\t\t\t<\/div>\n\t\t","protected":false},"excerpt":{"rendered":"<p>POL\u00cdTICA DE PRIVACIDAD PARA CANDIDATOS O USUARIOS PARTICULARES La presente Pol\u00edtica de Privacidad explica qui\u00e9n es el responsable de los datos de car\u00e1cter personal de aquellos usuarios personas f\u00edsicas (en adelante, \u201cCandidato\u201d, \u201cUsuario Particular\u201d o \u201cDemandante de Trabajo\u201d) que buscan empleo o servicios relacionados y acceden y\/o utilizan los servicios de redes sociales en nombre [&hellip;]<\/p>\n","protected":false},"author":1,"featured_media":0,"parent":0,"menu_order":0,"comment_status":"closed","ping_status":"closed","template":"","meta":{"footnotes":""},"class_list":["post-629","page","type-page","status-publish","hentry"],"_links":{"self":[{"href":"https:\/\/wtalentclub.com\/index.php\/wp-json\/wp\/v2\/pages\/629","targetHints":{"allow":["GET"]}}],"collection":[{"href":"https:\/\/wtalentclub.com\/index.php\/wp-json\/wp\/v2\/pages"}],"about":[{"href":"https:\/\/wtalentclub.com\/index.php\/wp-json\/wp\/v2\/types\/page"}],"author":[{"embeddable":true,"href":"https:\/\/wtalentclub.com\/index.php\/wp-json\/wp\/v2\/users\/1"}],"replies":[{"embeddable":true,"href":"https:\/\/wtalentclub.com\/index.php\/wp-json\/wp\/v2\/comments?post=629"}],"version-history":[{"count":16,"href":"https:\/\/wtalentclub.com\/index.php\/wp-json\/wp\/v2\/pages\/629\/revisions"}],"predecessor-version":[{"id":675,"href":"https:\/\/wtalentclub.com\/index.php\/wp-json\/wp\/v2\/pages\/629\/revisions\/675"}],"wp:attachment":[{"href":"https:\/\/wtalentclub.com\/index.php\/wp-json\/wp\/v2\/media?parent=629"}],"curies":[{"name":"wp","href":"https:\/\/api.w.org\/{rel}","templated":true}]}}